{"id":3363,"date":"2024-08-12T12:32:32","date_gmt":"2024-08-12T10:32:32","guid":{"rendered":"https:\/\/vaskafonds.lv\/?page_id=3363"},"modified":"2024-11-17T22:16:26","modified_gmt":"2024-11-17T20:16:26","slug":"dita-krenberga","status":"publish","type":"page","link":"https:\/\/vaskafonds.lv\/en\/dita-krenberga\/","title":{"rendered":"Dita Krenberga"},"content":{"rendered":"\t\t<div data-elementor-type=\"wp-page\" data-elementor-id=\"3363\" class=\"elementor elementor-3363\" data-elementor-post-type=\"page\">\n\t\t\t\t<div class=\"elementor-element elementor-element-4a397cf7 e-con-full e-flex e-con e-parent\" data-id=\"4a397cf7\" data-element_type=\"container\">\n\t\t\t\t<div class=\"elementor-element elementor-element-56e21ef3 elementor-widget elementor-widget-template\" data-id=\"56e21ef3\" data-element_type=\"widget\" data-widget_type=\"template.default\">\n\t\t\t\t<div class=\"elementor-widget-container\">\n\t\t\t\t\t<div class=\"elementor-template\">\n\t\t\t\t\t<div data-elementor-type=\"section\" data-elementor-id=\"1838\" class=\"elementor elementor-1838\" data-elementor-post-type=\"elementor_library\">\n\t\t\t<div class=\"elementor-element elementor-element-2e879c26 e-con-full e-flex e-con e-parent\" data-id=\"2e879c26\" data-element_type=\"container\" data-settings=\"{&quot;background_background&quot;:&quot;classic&quot;}\">\n\t\t<div class=\"elementor-element elementor-element-7a53d6e8 e-con-full e-flex e-con e-child\" data-id=\"7a53d6e8\" data-element_type=\"container\" data-settings=\"{&quot;background_background&quot;:&quot;classic&quot;}\">\n\t\t<div class=\"elementor-element elementor-element-3d6a2e6e e-con-full e-flex e-con e-child\" data-id=\"3d6a2e6e\" data-element_type=\"container\">\n\t\t<div class=\"elementor-element elementor-element-4fb9132a e-con-full e-flex e-con e-child\" data-id=\"4fb9132a\" data-element_type=\"container\">\n\t\t\t\t<div class=\"elementor-element elementor-element-209ca45e elementor-widget__width-auto elementor-widget elementor-widget-heading\" data-id=\"209ca45e\" data-element_type=\"widget\" data-widget_type=\"heading.default\">\n\t\t\t\t<div class=\"elementor-widget-container\">\n\t\t\t<h1 class=\"elementor-heading-title elementor-size-default\">Aktualit\u0101tes<\/h1>\t\t<\/div>\n\t\t\t\t<\/div>\n\t\t\t\t<\/div>\n\t\t\t\t<\/div>\n\t\t\t\t<\/div>\n\t\t\t\t<\/div>\n\t\t\t\t<\/div>\n\t\t\t\t<\/div>\n\t\t\t\t<\/div>\n\t\t\t\t<\/div>\n\t\t\t\t<\/div>\n\t\t<div class=\"elementor-element elementor-element-271e1510 e-flex e-con-boxed e-con e-parent\" data-id=\"271e1510\" data-element_type=\"container\">\n\t\t\t\t\t<div class=\"e-con-inner\">\n\t\t<div class=\"elementor-element elementor-element-112068eb e-con-full e-flex e-con e-child\" data-id=\"112068eb\" data-element_type=\"container\">\n\t\t\t\t<div class=\"elementor-element elementor-element-5dce3439 elementor-widget elementor-widget-image\" data-id=\"5dce3439\" data-element_type=\"widget\" data-widget_type=\"image.default\">\n\t\t\t\t<div class=\"elementor-widget-container\">\n\t\t\t\t\t\t\t\t\t\t\t\t\t<img fetchpriority=\"high\" decoding=\"async\" width=\"419\" height=\"622\" src=\"https:\/\/vaskafonds.lv\/wp-content\/uploads\/sites\/3\/2024\/08\/image-asset-16.png\" class=\"attachment-medium_large size-medium_large wp-image-3182\" alt=\"\" srcset=\"https:\/\/vaskafonds.lv\/wp-content\/uploads\/sites\/3\/2024\/08\/image-asset-16.png 419w, https:\/\/vaskafonds.lv\/wp-content\/uploads\/sites\/3\/2024\/08\/image-asset-16-202x300.png 202w\" sizes=\"(max-width: 419px) 100vw, 419px\" \/>\t\t\t\t\t\t\t\t\t\t\t\t\t<\/div>\n\t\t\t\t<\/div>\n\t\t\t\t<\/div>\n\t\t<div class=\"elementor-element elementor-element-15ccb1d9 e-con-full e-flex e-con e-child\" data-id=\"15ccb1d9\" data-element_type=\"container\">\n\t\t\t\t<div class=\"elementor-element elementor-element-6ea18560 elementor-widget elementor-widget-text-editor\" data-id=\"6ea18560\" data-element_type=\"widget\" data-widget_type=\"text-editor.default\">\n\t\t\t\t<div class=\"elementor-widget-container\">\n\t\t\t\t\t\t\t<p>Dita Krenberga, kura kop\u0161 2006. gada ir LNSO flautu grupas koncertmeistare, flautas sp\u0113li apguvusi Latvijas M\u016bzikas akad\u0113mij\u0101 pedagoga Imanta Sneibja klas\u0113.<\/p><p>Vi\u0146a stud\u0113jusi ar\u012b pie pasaulslaven\u0101 flautista D\u017eeimsa Golveja, kura rekomend\u0101cija deva Ditai iesp\u0113ju sa\u0146emt Leonarda Bernsteina stipendiju Bostonas simfonisk\u0101 or\u0137estra kursos Tanglvudas M\u016bzikas centr\u0101 no 1989. l\u012bdz 1990. gadam.<\/p><p>Tur flautiste sadarboj\u0101s ar m\u016bzikas pasaules autorit\u0101t\u0113m \u2013 Leonardu Bernsteinu, Seid\u017ei Ozavu, D\u017eefriju Teitu, Jo Jo Ma u. c., un k\u0101 nov\u0113rt\u0113jumu par savu darb\u012bbu sa\u0146\u0113ma Gustava Zelta balvu. M\u016bzi\u0137e m\u0101c\u012bjusies pie izciliem flautas profesoriem \u2013 Orela Nikol\u0113, Viljama Beneta un Al\u0113na Mariona.<\/p>\t\t\t\t\t\t<\/div>\n\t\t\t\t<\/div>\n\t\t\t\t<\/div>\n\t\t\t\t\t<\/div>\n\t\t\t\t<\/div>\n\t\t<div class=\"elementor-element elementor-element-4161664 e-flex e-con-boxed e-con e-parent\" data-id=\"4161664\" data-element_type=\"container\">\n\t\t\t\t\t<div class=\"e-con-inner\">\n\t\t\t\t<div class=\"elementor-element elementor-element-4483e300 elementor-widget elementor-widget-text-editor\" data-id=\"4483e300\" data-element_type=\"widget\" data-widget_type=\"text-editor.default\">\n\t\t\t\t<div class=\"elementor-widget-container\">\n\t\t\t\t\t\t\t<div class=\"col sqs-col-6 span-6\"><div id=\"block-yui_3_17_2_7_1460711243440_20889\" class=\"sqs-block html-block sqs-block-html\" data-block-type=\"2\"><div class=\"sqs-block-content\"><div class=\"sqs-html-content\"><div class=\"col sqs-col-6 span-6\"><div id=\"block-yui_3_17_2_7_1460711243440_20889\" class=\"sqs-block html-block sqs-block-html\" data-block-type=\"2\"><div class=\"sqs-block-content\"><div class=\"sqs-html-content\"><p>Dita Krenberga ir vair\u0101ku presti\u017eu m\u016bzikas konkursu laure\u0101te: 11 gadu vecum\u0101 vi\u0146a ieguva Starptautisk\u0101 ierakstu konkursa Concertino Praha\u201980 laure\u0101tes un jaun\u0101k\u0101s dal\u012bbnieces titulu; 1982. gad\u0101 \u2013 1. vietu Starprepublik\u0101niskaj\u0101 p\u016bt\u0113ju konkurs\u0101 \u0160au\u013cos, Lietuv\u0101; 1988. gad\u0101 \u2013 Grand Prix un Zelta meda\u013cu 34. Marijas Kanalsas Starptautiskaj\u0101 m\u016bzikas konkurs\u0101 Barselon\u0101, Sp\u0101nij\u0101; 1991. gad\u0101 k\u013cuva par Starptautisk\u0101 konkursa \u201ePr\u0101gas pavasaris\u201d laure\u0101ti; 1992. gad\u0101 \u2013 par 48. CIEM konkursa diplomandi \u017den\u0113v\u0101, \u0160veic\u0113. Par izciliem sasniegumiem izpild\u012bt\u0101jm\u0101ksl\u0101 Dita Krenberga sa\u0146\u0113musi Latvijas Lielo m\u016bzikas balvu 2000.<\/p><p>M\u016bzi\u0137e regul\u0101ri koncert\u0113 gan Latvij\u0101, gan Eirop\u0101, ASV un Kan\u0101d\u0101. Vi\u0146a uzst\u0101jusies ar\u012b Austr\u0101lij\u0101 un Jap\u0101n\u0101. K\u0101 soliste vi\u0146a sp\u0113l\u0113jusi kop\u0101 ar Latvijas Nacion\u0101lo simfonisko or\u0137estri, kameror\u0137estri \u201eR\u012bgas Kamerm\u016bzi\u0137i\u201d un citiem Latvijas kameror\u0137estriem, ar Maskavas filharmonisko or\u0137estri un Jauno kameror\u0137estri, Londonas Mocarta or\u0137estri, \u0136elnes Radio simfonisko or\u0137estri, Zviedrijas kameror\u0137estri Musica Vitae un citiem. Ar\u012b da\u017e\u0101du kameransamb\u013cu sast\u0101v\u0101 flautiste koncert\u0113jusi gan Latvij\u0101, gan da\u017e\u0101dos Eiropas festiv\u0101los.<\/p><p>1995. gad\u0101 izn\u0101ca Ditas Krenbergas soloalbums, savuk\u0101rt 2007. gad\u0101 kop\u0101 ar pianisti Ievu O\u0161u izdots CD \u201eLaikmeta ainavas\u201d.<\/p><\/div><\/div><\/div><\/div><div class=\"col sqs-col-6 span-6\"><div id=\"block-yui_3_17_2_23_1460732522462_124691\" class=\"sqs-block html-block sqs-block-html\" data-block-type=\"2\"><div class=\"sqs-block-content\"><div class=\"sqs-html-content\"><p>2008. gad\u0101 Dita Krenberga muzic\u0113ja kop\u0101 ar slaven\u0101 V\u012bnes seksteta \u010dellistu R\u016bdolfu Leopoldu un pianisti Ievu O\u0161u V\u012bn\u0113, Gr\u0101c\u0101 un R\u012bg\u0101. 2009. gada j\u016blij\u0101 vi\u0146a uzst\u0101j\u0101s vien\u0101 no presti\u017e\u0101kajiem festiv\u0101liem V\u0101cij\u0101 \u2013 Rheingau m\u016bzikas festiv\u0101l\u0101, kur, komponistam kl\u0101tesot, kop\u0101 ar kori \u201eLatvija\u201d un diri\u0123entu M\u0101ri Sirmo tika atska\u0146ota Rodiona \u0160\u010dedrina litur\u0123ija \u201eApz\u012bmogotais e\u0146\u0123elis\u201d. 2010. g. vasar\u0101 Dita Krenberga piedal\u012bj\u0101s Gidona Kr\u0113mera kamerm\u016bzikas festiv\u0101los Siguld\u0101 un Lokenhauz\u0101.<\/p><p>2009. gada 11. novembr\u012b Dita Krenberga sa\u0146\u0113ma valsts augst\u0101ko apbalvojumu \u2013 Triju zvaig\u017e\u0146u ordeni \u201ePar spilgtu devumu m\u016bzik\u0101 un nopelniem Latvijas v\u0101rda populariz\u0113\u0161an\u0101 pasaul\u0113\u201d.<\/p><p>Dita Krenberga, kura kop\u0161 2006. gada ir LNSO flautu grupas koncertmeistare, flautas sp\u0113li apguvusi Latvijas M\u016bzikas akad\u0113mij\u0101 pedagoga Imanta Sneibja klas\u0113. Vi\u0146a stud\u0113jusi ar\u012b pie pasaulslaven\u0101 flautista D\u017eeimsa Golveja, kura rekomend\u0101cija deva Ditai iesp\u0113ju sa\u0146emt Leonarda Bernsteina stipendiju Bostonas simfonisk\u0101 or\u0137estra kursos Tanglvudas M\u016bzikas centr\u0101 no 1989. l\u012bdz 1990. gadam.<\/p><\/div><\/div><\/div><\/div><\/div><\/div><\/div><\/div>\t\t\t\t\t\t<\/div>\n\t\t\t\t<\/div>\n\t\t\t\t\t<\/div>\n\t\t\t\t<\/div>\n\t\t\t\t<\/div>\n\t\t","protected":false},"excerpt":{"rendered":"<p>Dita Krenberga, kura kop\u0161 2006. gada ir LNSO flautu grupas koncertmeistare, flautas sp\u0113li apguvusi Latvijas M\u016bzikas akad\u0113mij\u0101 pedagoga Imanta Sneibja klas\u0113. Vi\u0146a stud\u0113jusi ar\u012b pie pasaulslaven\u0101 flautista D\u017eeimsa Golveja, kura rekomend\u0101cija deva Ditai iesp\u0113ju sa\u0146emt Leonarda Bernsteina stipendiju Bostonas simfonisk\u0101 or\u0137estra kursos Tanglvudas M\u016bzikas centr\u0101 no 1989. l\u012bdz 1990. gadam. Tur flautiste sadarboj\u0101s ar m\u016bzikas pasaules autorit\u0101t\u0113m \u2013 Leonardu Bernsteinu, Seid\u017ei Ozavu, D\u017eefriju Teitu, Jo Jo Ma u. c., un k\u0101 nov\u0113rt\u0113jumu par savu darb\u012bbu sa\u0146\u0113ma Gustava Zelta balvu. M\u016bzi\u0137e m\u0101c\u012bjusies pie izciliem flautas profesoriem \u2013 Orela Nikol\u0113, Viljama Beneta un Al\u0113na Mariona. Dita Krenberga ir vair\u0101ku presti\u017eu m\u016bzikas konkursu [&#8230;] <span><a class=\"moretag\" href=\"https:\/\/vaskafonds.lv\/en\/dita-krenberga\/\"> Las\u012bt vair\u0101k<\/a><\/span><\/p>\n","protected":false},"author":4,"featured_media":0,"parent":0,"menu_order":0,"comment_status":"closed","ping_status":"closed","template":"","meta":{"_acf_changed":false,"footnotes":""},"class_list":["post-3363","page","type-page","status-publish","hentry"],"acf":[],"_links":{"self":[{"href":"https:\/\/vaskafonds.lv\/en\/wp-json\/wp\/v2\/pages\/3363"}],"collection":[{"href":"https:\/\/vaskafonds.lv\/en\/wp-json\/wp\/v2\/pages"}],"about":[{"href":"https:\/\/vaskafonds.lv\/en\/wp-json\/wp\/v2\/types\/page"}],"author":[{"embeddable":true,"href":"https:\/\/vaskafonds.lv\/en\/wp-json\/wp\/v2\/users\/4"}],"replies":[{"embeddable":true,"href":"https:\/\/vaskafonds.lv\/en\/wp-json\/wp\/v2\/comments?post=3363"}],"version-history":[{"count":10,"href":"https:\/\/vaskafonds.lv\/en\/wp-json\/wp\/v2\/pages\/3363\/revisions"}],"predecessor-version":[{"id":4127,"href":"https:\/\/vaskafonds.lv\/en\/wp-json\/wp\/v2\/pages\/3363\/revisions\/4127"}],"wp:attachment":[{"href":"https:\/\/vaskafonds.lv\/en\/wp-json\/wp\/v2\/media?parent=3363"}],"curies":[{"name":"wp","href":"https:\/\/api.w.org\/{rel}","templated":true}]}}